{"id":8168,"date":"2025-04-29T15:38:33","date_gmt":"2025-04-29T15:38:33","guid":{"rendered":"https:\/\/zeeparken.be\/cookiepolicy\/"},"modified":"2025-04-29T15:53:02","modified_gmt":"2025-04-29T15:53:02","slug":"politique-de-cookies","status":"publish","type":"page","link":"https:\/\/zeeparken.be\/fr\/politique-de-cookies\/","title":{"rendered":"Politique de cookies"},"content":{"rendered":"\t\t<div data-elementor-type=\"wp-page\" data-elementor-id=\"8168\" class=\"elementor elementor-8168 elementor-8153\" data-elementor-post-type=\"page\">\n\t\t\t\t<div class=\"elementor-element elementor-element-dc28ad2 e-flex e-con-boxed e-con e-parent\" data-id=\"dc28ad2\" data-element_type=\"container\">\n\t\t\t\t\t<div class=\"e-con-inner\">\n\t\t\t\t<div class=\"elementor-element elementor-element-d39da31 elementor-widget elementor-widget-text-editor\" data-id=\"d39da31\" data-element_type=\"widget\" data-widget_type=\"text-editor.default\">\n\t\t\t\t<div class=\"elementor-widget-container\">\n\t\t\t\t\t\t\t\t\t<h1 class=\"cookie-policy-h1\">Politique de cookies<\/h1>\n<p>\n    Date d\u2019entr\u00e9e en vigueur : 29-avr-2025 <br>\n    Derni\u00e8re mise \u00e0 jour : 29-avr-2025\n<\/p>\t\t\t\t\t\t\t\t<\/div>\n\t\t\t\t<\/div>\n\t\t\t\t<div class=\"elementor-element elementor-element-e64853d elementor-widget-divider--view-line elementor-widget elementor-widget-divider\" data-id=\"e64853d\" data-element_type=\"widget\" data-widget_type=\"divider.default\">\n\t\t\t\t<div class=\"elementor-widget-container\">\n\t\t\t\t\t\t\t<div class=\"elementor-divider\">\n\t\t\t<span class=\"elementor-divider-separator\">\n\t\t\t\t\t\t<\/span>\n\t\t<\/div>\n\t\t\t\t\t\t<\/div>\n\t\t\t\t<\/div>\n\t\t\t\t<div class=\"elementor-element elementor-element-37a3ef2 elementor-widget elementor-widget-html\" data-id=\"37a3ef2\" data-element_type=\"widget\" data-widget_type=\"html.default\">\n\t\t\t\t<div class=\"elementor-widget-container\">\n\t\t\t\t\t<style>\r\n    a.cky-banner-element {\r\n        padding: 8px 30px;\r\n        background: #F8F9FA;\r\n        color: #858A8F;\r\n        border: 1px solid #DEE2E6;\r\n        box-sizing: border-box;\r\n        border-radius: 2px;\r\n        cursor: pointer;\r\n}\r\n<\/style>\r\n<h5>Qu\u2019est-ce que les cookies&nbsp;?<\/h5>\r\n<div class=\"cookie-policy-p\">\r\n    <p>Cette politique de cookies explique ce que sont les cookies et comment nous les utilisons, les types de cookies que nous employons, c\u2019est-\u00e0-dire les informations que nous collectons via les cookies et la fa\u00e7on dont ces informations sont utilis\u00e9es, ainsi que la gestion de vos param\u00e8tres de cookies.<\/p>\r\n    <p>Les cookies sont de petits fichiers texte utilis\u00e9s pour stocker de petites quantit\u00e9s d\u2019informations. Ils sont stock\u00e9s sur votre appareil lorsque le site Web est charg\u00e9 dans votre navigateur. Ces cookies nous aident \u00e0 assurer le bon fonctionnement du site, \u00e0 le rendre plus s\u00fbr, \u00e0 offrir une meilleure exp\u00e9rience utilisateur et \u00e0 comprendre les performances du site afin d\u2019analyser ce qui fonctionne et ce qui doit \u00eatre am\u00e9lior\u00e9.<\/p>\r\n<\/div>\r\n\r\n&nbsp;\r\n<h5>Comment utilisons-nous les cookies&nbsp;?<\/h5>\r\n<div class=\"cookie-policy-p\">\r\n    <p>Comme la plupart des services en ligne, notre site Web utilise des cookies propri\u00e9taires et de tiers \u00e0 plusieurs fins. Les cookies propri\u00e9taires sont principalement n\u00e9cessaires au bon fonctionnement du site et ne collectent aucune donn\u00e9e \u00e0 caract\u00e8re personnel.<\/p>\r\n    <p>Les cookies tiers utilis\u00e9s sur notre site servent principalement \u00e0 comprendre les performances du site, comment vous interagissez avec lui, \u00e0 s\u00e9curiser nos services, \u00e0 vous fournir des publicit\u00e9s pertinentes et, globalement, \u00e0 vous offrir une meilleure exp\u00e9rience utilisateur et \u00e0 acc\u00e9l\u00e9rer vos futures interactions avec notre site.<\/p>\r\n<\/div>\r\n\r\n&nbsp;\r\n<h5>Types de cookies que nous utilisons<\/h5>\r\n\r\n<div class=\"cky-audit-table-element\"><\/div>\r\n\r\n&nbsp;\r\n<h5 style=\"margin-bottom:20px;\">G\u00e9rer les pr\u00e9f\u00e9rences de cookies<\/h5>\r\n\r\n<a class=\"cky-banner-element\">Param\u00e8tres des cookies<\/a> <br\/>\r\n\r\n<div>\r\n    <p>Vous pouvez modifier vos pr\u00e9f\u00e9rences de cookies \u00e0 tout moment en cliquant sur le bouton ci-dessus. Cela vous permettra de rouvrir la banni\u00e8re de consentement aux cookies et de modifier vos pr\u00e9f\u00e9rences ou de retirer votre consentement imm\u00e9diatement.<\/p>\r\n    <p>De plus, chaque navigateur offre des m\u00e9thodes diff\u00e9rentes pour bloquer et supprimer les cookies. Vous pouvez modifier les param\u00e8tres de votre navigateur pour bloquer\/supprimer les cookies. Vous trouverez ci-dessous des liens vers les documents d\u2019assistance pour savoir comment g\u00e9rer et supprimer les cookies dans les principaux navigateurs.<\/p>\r\n    <p>Chrome : <a target=\"_blank\" href=\"https:\/\/support.google.com\/accounts\/answer\/32050\">https:\/\/support.google.com\/accounts\/answer\/32050<\/a><\/p>\r\n    <p>Safari : <a target=\"_blank\" href=\"https:\/\/support.apple.com\/en-in\/guide\/safari\/sfri11471\/mac\">https:\/\/support.apple.com\/en-in\/guide\/safari\/sfri11471\/mac<\/a><\/p>\r\n    <p>Firefox : <a target=\"_blank\" href=\"https:\/\/support.mozilla.org\/en-US\/kb\/clear-cookies-and-site-data-firefox?redirectslug=delete-cookies-remove-info-websites-stored&redirectlocale=en-US\">https:\/\/support.mozilla.org\/en-US\/kb\/clear-cookies-and-site-data-firefox?redirectslug=delete-cookies-remove-info-websites-stored&redirectlocale=en-US<\/a><\/p>\r\n    <p>Internet Explorer : <a target=\"_blank\" href=\"https:\/\/support.microsoft.com\/en-us\/topic\/how-to-delete-cookie-files-in-internet-explorer-bca9446f-d873-78de-77ba-d42645fa52fc\">https:\/\/support.microsoft.com\/en-us\/topic\/how-to-delete-cookie-files-in-internet-explorer-bca9446f-d873-78de-77ba-d42645fa52fc<\/a><\/p>\r\n    <p>Si vous utilisez un autre navigateur, veuillez consulter la documentation d\u2019assistance officielle de votre navigateur.<\/p>\r\n<\/div>\t\t\t\t<\/div>\n\t\t\t\t<\/div>\n\t\t\t\t\t<\/div>\n\t\t\t\t<\/div>\n\t\t\t\t<\/div>\n\t\t","protected":false},"excerpt":{"rendered":"<p>Politique de cookies Date d\u2019entr\u00e9e en vigueur : 29-avr-2025 Derni\u00e8re mise \u00e0 jour : 29-avr-2025 Qu\u2019est-ce que les cookies&nbsp;? Cette politique de cookies explique ce que sont les cookies et comment nous les utilisons, les types de cookies que nous employons, c\u2019est-\u00e0-dire les informations que nous collectons via les cookies et la fa\u00e7on dont ces [&hellip;]<\/p>\n","protected":false},"author":1,"featured_media":0,"parent":0,"menu_order":0,"comment_status":"closed","ping_status":"closed","template":"","meta":{"_acf_changed":false,"footnotes":""},"class_list":["post-8168","page","type-page","status-publish","hentry"],"acf":[],"yoast_head":"<!-- This site is optimized with the Yoast SEO plugin v25.2 - https:\/\/yoast.com\/wordpress\/plugins\/seo\/ -->\n<title>Politique de cookies - Zeeparken<\/title>\n<meta name=\"robots\" content=\"index, follow, max-snippet:-1, max-image-preview:large, max-video-preview:-1\" \/>\n<link rel=\"canonical\" href=\"https:\/\/zeeparken.be\/fr\/politique-de-cookies\/\" \/>\n<meta property=\"og:locale\" content=\"fr_FR\" \/>\n<meta property=\"og:type\" content=\"article\" \/>\n<meta property=\"og:title\" content=\"Politique de cookies - Zeeparken\" \/>\n<meta property=\"og:description\" content=\"Politique de cookies Date d\u2019entr\u00e9e en vigueur : 29-avr-2025 Derni\u00e8re mise \u00e0 jour : 29-avr-2025 Qu\u2019est-ce que les cookies&nbsp;? Cette politique de cookies explique ce que sont les cookies et comment nous les utilisons, les types de cookies que nous employons, c\u2019est-\u00e0-dire les informations que nous collectons via les cookies et la fa\u00e7on dont ces [&hellip;]\" \/>\n<meta property=\"og:url\" content=\"https:\/\/zeeparken.be\/fr\/politique-de-cookies\/\" \/>\n<meta property=\"og:site_name\" content=\"Zeeparken\" \/>\n<meta property=\"article:publisher\" content=\"https:\/\/www.facebook.com\/ZeeparkenBelgischeKust\/\" \/>\n<meta property=\"article:modified_time\" content=\"2025-04-29T15:53:02+00:00\" \/>\n<meta name=\"twitter:card\" content=\"summary_large_image\" \/>\n<meta name=\"twitter:label1\" content=\"Dur\u00e9e de lecture estim\u00e9e\" \/>\n\t<meta name=\"twitter:data1\" content=\"2 minutes\" \/>\n<script type=\"application\/ld+json\" class=\"yoast-schema-graph\">{\"@context\":\"https:\/\/schema.org\",\"@graph\":[{\"@type\":\"WebPage\",\"@id\":\"https:\/\/zeeparken.be\/fr\/politique-de-cookies\/\",\"url\":\"https:\/\/zeeparken.be\/fr\/politique-de-cookies\/\",\"name\":\"Politique de cookies - Zeeparken\",\"isPartOf\":{\"@id\":\"https:\/\/zeeparken.be\/fr\/#website\"},\"datePublished\":\"2025-04-29T15:38:33+00:00\",\"dateModified\":\"2025-04-29T15:53:02+00:00\",\"breadcrumb\":{\"@id\":\"https:\/\/zeeparken.be\/fr\/politique-de-cookies\/#breadcrumb\"},\"inLanguage\":\"fr-FR\",\"potentialAction\":[{\"@type\":\"ReadAction\",\"target\":[\"https:\/\/zeeparken.be\/fr\/politique-de-cookies\/\"]}]},{\"@type\":\"BreadcrumbList\",\"@id\":\"https:\/\/zeeparken.be\/fr\/politique-de-cookies\/#breadcrumb\",\"itemListElement\":[{\"@type\":\"ListItem\",\"position\":1,\"name\":\"Home\",\"item\":\"https:\/\/zeeparken.be\/fr\/page-daccueil\/\"},{\"@type\":\"ListItem\",\"position\":2,\"name\":\"Politique de cookies\"}]},{\"@type\":\"WebSite\",\"@id\":\"https:\/\/zeeparken.be\/fr\/#website\",\"url\":\"https:\/\/zeeparken.be\/fr\/\",\"name\":\"Zeeparken\",\"description\":\"Vakantieverhuur, Beleef de kust, beleef het comfort.\",\"publisher\":{\"@id\":\"https:\/\/zeeparken.be\/fr\/#organization\"},\"potentialAction\":[{\"@type\":\"SearchAction\",\"target\":{\"@type\":\"EntryPoint\",\"urlTemplate\":\"https:\/\/zeeparken.be\/fr\/?s={search_term_string}\"},\"query-input\":{\"@type\":\"PropertyValueSpecification\",\"valueRequired\":true,\"valueName\":\"search_term_string\"}}],\"inLanguage\":\"fr-FR\"},{\"@type\":\"Organization\",\"@id\":\"https:\/\/zeeparken.be\/fr\/#organization\",\"name\":\"Zeeparken\",\"url\":\"https:\/\/zeeparken.be\/fr\/\",\"logo\":{\"@type\":\"ImageObject\",\"inLanguage\":\"fr-FR\",\"@id\":\"https:\/\/zeeparken.be\/fr\/#\/schema\/logo\/image\/\",\"url\":\"https:\/\/zeeparken.be\/wp-content\/uploads\/2024\/12\/Laag_1.svg\",\"contentUrl\":\"https:\/\/zeeparken.be\/wp-content\/uploads\/2024\/12\/Laag_1.svg\",\"width\":166,\"height\":34,\"caption\":\"Zeeparken\"},\"image\":{\"@id\":\"https:\/\/zeeparken.be\/fr\/#\/schema\/logo\/image\/\"},\"sameAs\":[\"https:\/\/www.facebook.com\/ZeeparkenBelgischeKust\/\",\"https:\/\/www.instagram.com\/zeeparken_bredene_wenduine\/\"]}]}<\/script>\n<!-- \/ Yoast SEO plugin. -->","yoast_head_json":{"title":"Politique de cookies - Zeeparken","robots":{"index":"index","follow":"follow","max-snippet":"max-snippet:-1","max-image-preview":"max-image-preview:large","max-video-preview":"max-video-preview:-1"},"canonical":"https:\/\/zeeparken.be\/fr\/politique-de-cookies\/","og_locale":"fr_FR","og_type":"article","og_title":"Politique de cookies - Zeeparken","og_description":"Politique de cookies Date d\u2019entr\u00e9e en vigueur : 29-avr-2025 Derni\u00e8re mise \u00e0 jour : 29-avr-2025 Qu\u2019est-ce que les cookies&nbsp;? Cette politique de cookies explique ce que sont les cookies et comment nous les utilisons, les types de cookies que nous employons, c\u2019est-\u00e0-dire les informations que nous collectons via les cookies et la fa\u00e7on dont ces [&hellip;]","og_url":"https:\/\/zeeparken.be\/fr\/politique-de-cookies\/","og_site_name":"Zeeparken","article_publisher":"https:\/\/www.facebook.com\/ZeeparkenBelgischeKust\/","article_modified_time":"2025-04-29T15:53:02+00:00","twitter_card":"summary_large_image","twitter_misc":{"Dur\u00e9e de lecture estim\u00e9e":"2 minutes"},"schema":{"@context":"https:\/\/schema.org","@graph":[{"@type":"WebPage","@id":"https:\/\/zeeparken.be\/fr\/politique-de-cookies\/","url":"https:\/\/zeeparken.be\/fr\/politique-de-cookies\/","name":"Politique de cookies - Zeeparken","isPartOf":{"@id":"https:\/\/zeeparken.be\/fr\/#website"},"datePublished":"2025-04-29T15:38:33+00:00","dateModified":"2025-04-29T15:53:02+00:00","breadcrumb":{"@id":"https:\/\/zeeparken.be\/fr\/politique-de-cookies\/#breadcrumb"},"inLanguage":"fr-FR","potentialAction":[{"@type":"ReadAction","target":["https:\/\/zeeparken.be\/fr\/politique-de-cookies\/"]}]},{"@type":"BreadcrumbList","@id":"https:\/\/zeeparken.be\/fr\/politique-de-cookies\/#breadcrumb","itemListElement":[{"@type":"ListItem","position":1,"name":"Home","item":"https:\/\/zeeparken.be\/fr\/page-daccueil\/"},{"@type":"ListItem","position":2,"name":"Politique de cookies"}]},{"@type":"WebSite","@id":"https:\/\/zeeparken.be\/fr\/#website","url":"https:\/\/zeeparken.be\/fr\/","name":"Zeeparken","description":"Vakantieverhuur, Beleef de kust, beleef het comfort.","publisher":{"@id":"https:\/\/zeeparken.be\/fr\/#organization"},"potentialAction":[{"@type":"SearchAction","target":{"@type":"EntryPoint","urlTemplate":"https:\/\/zeeparken.be\/fr\/?s={search_term_string}"},"query-input":{"@type":"PropertyValueSpecification","valueRequired":true,"valueName":"search_term_string"}}],"inLanguage":"fr-FR"},{"@type":"Organization","@id":"https:\/\/zeeparken.be\/fr\/#organization","name":"Zeeparken","url":"https:\/\/zeeparken.be\/fr\/","logo":{"@type":"ImageObject","inLanguage":"fr-FR","@id":"https:\/\/zeeparken.be\/fr\/#\/schema\/logo\/image\/","url":"https:\/\/zeeparken.be\/wp-content\/uploads\/2024\/12\/Laag_1.svg","contentUrl":"https:\/\/zeeparken.be\/wp-content\/uploads\/2024\/12\/Laag_1.svg","width":166,"height":34,"caption":"Zeeparken"},"image":{"@id":"https:\/\/zeeparken.be\/fr\/#\/schema\/logo\/image\/"},"sameAs":["https:\/\/www.facebook.com\/ZeeparkenBelgischeKust\/","https:\/\/www.instagram.com\/zeeparken_bredene_wenduine\/"]}]}},"_links":{"self":[{"href":"https:\/\/zeeparken.be\/fr\/wp-json\/wp\/v2\/pages\/8168","targetHints":{"allow":["GET"]}}],"collection":[{"href":"https:\/\/zeeparken.be\/fr\/wp-json\/wp\/v2\/pages"}],"about":[{"href":"https:\/\/zeeparken.be\/fr\/wp-json\/wp\/v2\/types\/page"}],"author":[{"embeddable":true,"href":"https:\/\/zeeparken.be\/fr\/wp-json\/wp\/v2\/users\/1"}],"replies":[{"embeddable":true,"href":"https:\/\/zeeparken.be\/fr\/wp-json\/wp\/v2\/comments?post=8168"}],"version-history":[{"count":0,"href":"https:\/\/zeeparken.be\/fr\/wp-json\/wp\/v2\/pages\/8168\/revisions"}],"wp:attachment":[{"href":"https:\/\/zeeparken.be\/fr\/wp-json\/wp\/v2\/media?parent=8168"}],"curies":[{"name":"wp","href":"https:\/\/api.w.org\/{rel}","templated":true}]}}