{"id":6913,"date":"2025-04-20T17:07:42","date_gmt":"2025-04-20T17:07:42","guid":{"rendered":"https:\/\/zeeparken.be\/page-derreur\/"},"modified":"2025-04-30T19:57:14","modified_gmt":"2025-04-30T19:57:14","slug":"page-derreur","status":"publish","type":"page","link":"https:\/\/zeeparken.be\/fr\/page-derreur\/","title":{"rendered":"Page d&rsquo;erreur"},"content":{"rendered":"\t\t<div data-elementor-type=\"wp-page\" data-elementor-id=\"6913\" class=\"elementor elementor-6913 elementor-5964\" data-elementor-post-type=\"page\">\n\t\t\t\t<div class=\"elementor-element elementor-element-bf87547 e-flex e-con-boxed e-con e-parent\" data-id=\"bf87547\" data-element_type=\"container\">\n\t\t\t\t\t<div class=\"e-con-inner\">\n\t\t<div class=\"elementor-element elementor-element-6df4e8a e-flex e-con-boxed e-con e-child\" data-id=\"6df4e8a\" data-element_type=\"container\">\n\t\t\t\t\t<div class=\"e-con-inner\">\n\t\t\t\t<div class=\"elementor-element elementor-element-d9b2264 elementor-widget-mobile__width-inherit elementor-widget elementor-widget-heading\" data-id=\"d9b2264\" data-element_type=\"widget\" data-widget_type=\"heading.default\">\n\t\t\t\t<div class=\"elementor-widget-container\">\n\t\t\t\t\t<h1 class=\"elementor-heading-title elementor-size-default\">OUPS<\/h1>\t\t\t\t<\/div>\n\t\t\t\t<\/div>\n\t\t\t\t<div class=\"elementor-element elementor-element-9594028 elementor-invisible elementor-widget elementor-widget-heading\" data-id=\"9594028\" data-element_type=\"widget\" data-settings=\"{&quot;_animation&quot;:&quot;fadeInUp&quot;}\" data-widget_type=\"heading.default\">\n\t\t\t\t<div class=\"elementor-widget-container\">\n\t\t\t\t\t<h5 class=\"elementor-heading-title elementor-size-default\">Une erreur s'est produite<\/h5>\t\t\t\t<\/div>\n\t\t\t\t<\/div>\n\t\t\t\t<div class=\"elementor-element elementor-element-fe9c9b6 elementor-widget elementor-widget-text-editor\" data-id=\"fe9c9b6\" data-element_type=\"widget\" data-widget_type=\"text-editor.default\">\n\t\t\t\t<div class=\"elementor-widget-container\">\n\t\t\t\t\t\t\t\t\t<p class=\"\" data-start=\"0\" data-end=\"90\">Nous ignorons comment vous \u00eates arriv\u00e9 ici, mais vous vous trouvez sur une page erron\u00e9e. Ne vous inqui\u00e9tez pas \u2014 vous pouvez revenir en arri\u00e8re ou utiliser la navigation ci-dessus pour vous orienter.<\/p>\t\t\t\t\t\t\t\t<\/div>\n\t\t\t\t<\/div>\n\t\t\t\t<div class=\"elementor-element elementor-element-e8cff79 elementor-invisible elementor-widget elementor-widget-html\" data-id=\"e8cff79\" data-element_type=\"widget\" data-settings=\"{&quot;_animation&quot;:&quot;fadeInUp&quot;,&quot;_animation_delay&quot;:400}\" data-widget_type=\"html.default\">\n\t\t\t\t<div class=\"elementor-widget-container\">\n\t\t\t\t\t<a href=\"\/fr\/home\" class=\"button\" role=\"button\" style=\"--clr: #7808d0\">\r\n  <span class=\"button__icon-wrapper\">\r\n    <svg xmlns=\"http:\/\/www.w3.org\/2000\/svg\" viewbox=\"0 0 14 15\" fill=\"none\" class=\"button__icon-svg\" width=\"10\">\r\n      <path\r\n        d=\"M13.376 11.552l-.264-10.44-10.44-.24.024 2.28 6.96-.048L.2 12.56l1.488 1.488 9.432-9.432-.048 6.912 2.304.024z\"\r\n        fill=\"currentColor\"\r\n      ><\/path>\r\n    <\/svg>\r\n\r\n    <svg xmlns=\"http:\/\/www.w3.org\/2000\/svg\" viewbox=\"0 0 14 15\" fill=\"none\" width=\"10\" class=\"button__icon-svg button__icon-svg--copy\">\r\n      <path\r\n        d=\"M13.376 11.552l-.264-10.44-10.44-.24.024 2.28 6.96-.048L.2 12.56l1.488 1.488 9.432-9.432-.048 6.912 2.304.024z\"\r\n        fill=\"currentColor\"\r\n      ><\/path>\r\n    <\/svg>\r\n  <\/span>\r\n  <span class=\"button__text\">Retour \u00e0 l'accueil<\/span>\r\n<\/a>\r\n\t\t\t\t<\/div>\n\t\t\t\t<\/div>\n\t\t\t\t\t<\/div>\n\t\t\t\t<\/div>\n\t\t\t\t<div class=\"elementor-element elementor-element-f30de3c elementor-widget elementor-widget-image\" data-id=\"f30de3c\" data-element_type=\"widget\" data-widget_type=\"image.default\">\n\t\t\t\t<div class=\"elementor-widget-container\">\n\t\t\t\t\t\t\t\t\t\t\t\t\t\t\t<img fetchpriority=\"high\" decoding=\"async\" width=\"1097\" height=\"1464\" src=\"https:\/\/zeeparken.be\/wp-content\/uploads\/2025\/04\/Zeeparken_zeewind-2-1-2.jpg\" class=\"attachment-full size-full wp-image-6782\" alt=\"\" srcset=\"https:\/\/zeeparken.be\/wp-content\/uploads\/2025\/04\/Zeeparken_zeewind-2-1-2.jpg 1097w, https:\/\/zeeparken.be\/wp-content\/uploads\/2025\/04\/Zeeparken_zeewind-2-1-2-225x300.jpg 225w, https:\/\/zeeparken.be\/wp-content\/uploads\/2025\/04\/Zeeparken_zeewind-2-1-2-767x1024.jpg 767w, https:\/\/zeeparken.be\/wp-content\/uploads\/2025\/04\/Zeeparken_zeewind-2-1-2-768x1025.jpg 768w\" sizes=\"(max-width: 1097px) 100vw, 1097px\" \/>\t\t\t\t\t\t\t\t\t\t\t\t\t\t\t<\/div>\n\t\t\t\t<\/div>\n\t\t\t\t\t<\/div>\n\t\t\t\t<\/div>\n\t\t\t\t<\/div>\n\t\t","protected":false},"excerpt":{"rendered":"<p>OUPS Une erreur s&rsquo;est produite Nous ignorons comment vous \u00eates arriv\u00e9 ici, mais vous vous trouvez sur une page erron\u00e9e. Ne vous inqui\u00e9tez pas \u2014 vous pouvez revenir en arri\u00e8re ou utiliser la navigation ci-dessus pour vous orienter. Retour \u00e0 l&rsquo;accueil<\/p>\n","protected":false},"author":1,"featured_media":0,"parent":0,"menu_order":0,"comment_status":"closed","ping_status":"closed","template":"","meta":{"_acf_changed":false,"footnotes":""},"class_list":["post-6913","page","type-page","status-publish","hentry"],"acf":[],"yoast_head":"<!-- This site is optimized with the Yoast SEO plugin v25.2 - https:\/\/yoast.com\/wordpress\/plugins\/seo\/ -->\n<title>Page d&#039;erreur - Zeeparken<\/title>\n<meta name=\"robots\" content=\"index, follow, max-snippet:-1, max-image-preview:large, max-video-preview:-1\" \/>\n<link rel=\"canonical\" href=\"https:\/\/zeeparken.be\/fr\/page-derreur\/\" \/>\n<meta property=\"og:locale\" content=\"fr_FR\" \/>\n<meta property=\"og:type\" content=\"article\" \/>\n<meta property=\"og:title\" content=\"Page d&#039;erreur - Zeeparken\" \/>\n<meta property=\"og:description\" content=\"OUPS Une erreur s&rsquo;est produite Nous ignorons comment vous \u00eates arriv\u00e9 ici, mais vous vous trouvez sur une page erron\u00e9e. Ne vous inqui\u00e9tez pas \u2014 vous pouvez revenir en arri\u00e8re ou utiliser la navigation ci-dessus pour vous orienter. Retour \u00e0 l&rsquo;accueil\" \/>\n<meta property=\"og:url\" content=\"https:\/\/zeeparken.be\/fr\/page-derreur\/\" \/>\n<meta property=\"og:site_name\" content=\"Zeeparken\" \/>\n<meta property=\"article:publisher\" content=\"https:\/\/www.facebook.com\/ZeeparkenBelgischeKust\/\" \/>\n<meta property=\"article:modified_time\" content=\"2025-04-30T19:57:14+00:00\" \/>\n<meta property=\"og:image\" content=\"https:\/\/zeeparken.be\/wp-content\/uploads\/2025\/04\/Zeeparken_zeewind-2-1-2.jpg\" \/>\n\t<meta property=\"og:image:width\" content=\"1097\" \/>\n\t<meta property=\"og:image:height\" content=\"1464\" \/>\n\t<meta property=\"og:image:type\" content=\"image\/jpeg\" \/>\n<meta name=\"twitter:card\" content=\"summary_large_image\" \/>\n<meta name=\"twitter:label1\" content=\"Dur\u00e9e de lecture estim\u00e9e\" \/>\n\t<meta name=\"twitter:data1\" content=\"1 minute\" \/>\n<script type=\"application\/ld+json\" class=\"yoast-schema-graph\">{\"@context\":\"https:\/\/schema.org\",\"@graph\":[{\"@type\":\"WebPage\",\"@id\":\"https:\/\/zeeparken.be\/fr\/page-derreur\/\",\"url\":\"https:\/\/zeeparken.be\/fr\/page-derreur\/\",\"name\":\"Page d'erreur - Zeeparken\",\"isPartOf\":{\"@id\":\"https:\/\/zeeparken.be\/fr\/#website\"},\"primaryImageOfPage\":{\"@id\":\"https:\/\/zeeparken.be\/fr\/page-derreur\/#primaryimage\"},\"image\":{\"@id\":\"https:\/\/zeeparken.be\/fr\/page-derreur\/#primaryimage\"},\"thumbnailUrl\":\"https:\/\/zeeparken.be\/wp-content\/uploads\/2025\/04\/Zeeparken_zeewind-2-1-2.jpg\",\"datePublished\":\"2025-04-20T17:07:42+00:00\",\"dateModified\":\"2025-04-30T19:57:14+00:00\",\"breadcrumb\":{\"@id\":\"https:\/\/zeeparken.be\/fr\/page-derreur\/#breadcrumb\"},\"inLanguage\":\"fr-FR\",\"potentialAction\":[{\"@type\":\"ReadAction\",\"target\":[\"https:\/\/zeeparken.be\/fr\/page-derreur\/\"]}]},{\"@type\":\"ImageObject\",\"inLanguage\":\"fr-FR\",\"@id\":\"https:\/\/zeeparken.be\/fr\/page-derreur\/#primaryimage\",\"url\":\"https:\/\/zeeparken.be\/wp-content\/uploads\/2025\/04\/Zeeparken_zeewind-2-1-2.jpg\",\"contentUrl\":\"https:\/\/zeeparken.be\/wp-content\/uploads\/2025\/04\/Zeeparken_zeewind-2-1-2.jpg\"},{\"@type\":\"BreadcrumbList\",\"@id\":\"https:\/\/zeeparken.be\/fr\/page-derreur\/#breadcrumb\",\"itemListElement\":[{\"@type\":\"ListItem\",\"position\":1,\"name\":\"Home\",\"item\":\"https:\/\/zeeparken.be\/fr\/page-daccueil\/\"},{\"@type\":\"ListItem\",\"position\":2,\"name\":\"Page d&#8217;erreur\"}]},{\"@type\":\"WebSite\",\"@id\":\"https:\/\/zeeparken.be\/fr\/#website\",\"url\":\"https:\/\/zeeparken.be\/fr\/\",\"name\":\"Zeeparken\",\"description\":\"Vakantieverhuur, Beleef de kust, beleef het comfort.\",\"publisher\":{\"@id\":\"https:\/\/zeeparken.be\/fr\/#organization\"},\"potentialAction\":[{\"@type\":\"SearchAction\",\"target\":{\"@type\":\"EntryPoint\",\"urlTemplate\":\"https:\/\/zeeparken.be\/fr\/?s={search_term_string}\"},\"query-input\":{\"@type\":\"PropertyValueSpecification\",\"valueRequired\":true,\"valueName\":\"search_term_string\"}}],\"inLanguage\":\"fr-FR\"},{\"@type\":\"Organization\",\"@id\":\"https:\/\/zeeparken.be\/fr\/#organization\",\"name\":\"Zeeparken\",\"url\":\"https:\/\/zeeparken.be\/fr\/\",\"logo\":{\"@type\":\"ImageObject\",\"inLanguage\":\"fr-FR\",\"@id\":\"https:\/\/zeeparken.be\/fr\/#\/schema\/logo\/image\/\",\"url\":\"https:\/\/zeeparken.be\/wp-content\/uploads\/2024\/12\/Laag_1.svg\",\"contentUrl\":\"https:\/\/zeeparken.be\/wp-content\/uploads\/2024\/12\/Laag_1.svg\",\"width\":166,\"height\":34,\"caption\":\"Zeeparken\"},\"image\":{\"@id\":\"https:\/\/zeeparken.be\/fr\/#\/schema\/logo\/image\/\"},\"sameAs\":[\"https:\/\/www.facebook.com\/ZeeparkenBelgischeKust\/\",\"https:\/\/www.instagram.com\/zeeparken_bredene_wenduine\/\"]}]}<\/script>\n<!-- \/ Yoast SEO plugin. -->","yoast_head_json":{"title":"Page d'erreur - Zeeparken","robots":{"index":"index","follow":"follow","max-snippet":"max-snippet:-1","max-image-preview":"max-image-preview:large","max-video-preview":"max-video-preview:-1"},"canonical":"https:\/\/zeeparken.be\/fr\/page-derreur\/","og_locale":"fr_FR","og_type":"article","og_title":"Page d'erreur - Zeeparken","og_description":"OUPS Une erreur s&rsquo;est produite Nous ignorons comment vous \u00eates arriv\u00e9 ici, mais vous vous trouvez sur une page erron\u00e9e. Ne vous inqui\u00e9tez pas \u2014 vous pouvez revenir en arri\u00e8re ou utiliser la navigation ci-dessus pour vous orienter. Retour \u00e0 l&rsquo;accueil","og_url":"https:\/\/zeeparken.be\/fr\/page-derreur\/","og_site_name":"Zeeparken","article_publisher":"https:\/\/www.facebook.com\/ZeeparkenBelgischeKust\/","article_modified_time":"2025-04-30T19:57:14+00:00","og_image":[{"width":1097,"height":1464,"url":"https:\/\/zeeparken.be\/wp-content\/uploads\/2025\/04\/Zeeparken_zeewind-2-1-2.jpg","type":"image\/jpeg"}],"twitter_card":"summary_large_image","twitter_misc":{"Dur\u00e9e de lecture estim\u00e9e":"1 minute"},"schema":{"@context":"https:\/\/schema.org","@graph":[{"@type":"WebPage","@id":"https:\/\/zeeparken.be\/fr\/page-derreur\/","url":"https:\/\/zeeparken.be\/fr\/page-derreur\/","name":"Page d'erreur - Zeeparken","isPartOf":{"@id":"https:\/\/zeeparken.be\/fr\/#website"},"primaryImageOfPage":{"@id":"https:\/\/zeeparken.be\/fr\/page-derreur\/#primaryimage"},"image":{"@id":"https:\/\/zeeparken.be\/fr\/page-derreur\/#primaryimage"},"thumbnailUrl":"https:\/\/zeeparken.be\/wp-content\/uploads\/2025\/04\/Zeeparken_zeewind-2-1-2.jpg","datePublished":"2025-04-20T17:07:42+00:00","dateModified":"2025-04-30T19:57:14+00:00","breadcrumb":{"@id":"https:\/\/zeeparken.be\/fr\/page-derreur\/#breadcrumb"},"inLanguage":"fr-FR","potentialAction":[{"@type":"ReadAction","target":["https:\/\/zeeparken.be\/fr\/page-derreur\/"]}]},{"@type":"ImageObject","inLanguage":"fr-FR","@id":"https:\/\/zeeparken.be\/fr\/page-derreur\/#primaryimage","url":"https:\/\/zeeparken.be\/wp-content\/uploads\/2025\/04\/Zeeparken_zeewind-2-1-2.jpg","contentUrl":"https:\/\/zeeparken.be\/wp-content\/uploads\/2025\/04\/Zeeparken_zeewind-2-1-2.jpg"},{"@type":"BreadcrumbList","@id":"https:\/\/zeeparken.be\/fr\/page-derreur\/#breadcrumb","itemListElement":[{"@type":"ListItem","position":1,"name":"Home","item":"https:\/\/zeeparken.be\/fr\/page-daccueil\/"},{"@type":"ListItem","position":2,"name":"Page d&#8217;erreur"}]},{"@type":"WebSite","@id":"https:\/\/zeeparken.be\/fr\/#website","url":"https:\/\/zeeparken.be\/fr\/","name":"Zeeparken","description":"Vakantieverhuur, Beleef de kust, beleef het comfort.","publisher":{"@id":"https:\/\/zeeparken.be\/fr\/#organization"},"potentialAction":[{"@type":"SearchAction","target":{"@type":"EntryPoint","urlTemplate":"https:\/\/zeeparken.be\/fr\/?s={search_term_string}"},"query-input":{"@type":"PropertyValueSpecification","valueRequired":true,"valueName":"search_term_string"}}],"inLanguage":"fr-FR"},{"@type":"Organization","@id":"https:\/\/zeeparken.be\/fr\/#organization","name":"Zeeparken","url":"https:\/\/zeeparken.be\/fr\/","logo":{"@type":"ImageObject","inLanguage":"fr-FR","@id":"https:\/\/zeeparken.be\/fr\/#\/schema\/logo\/image\/","url":"https:\/\/zeeparken.be\/wp-content\/uploads\/2024\/12\/Laag_1.svg","contentUrl":"https:\/\/zeeparken.be\/wp-content\/uploads\/2024\/12\/Laag_1.svg","width":166,"height":34,"caption":"Zeeparken"},"image":{"@id":"https:\/\/zeeparken.be\/fr\/#\/schema\/logo\/image\/"},"sameAs":["https:\/\/www.facebook.com\/ZeeparkenBelgischeKust\/","https:\/\/www.instagram.com\/zeeparken_bredene_wenduine\/"]}]}},"_links":{"self":[{"href":"https:\/\/zeeparken.be\/fr\/wp-json\/wp\/v2\/pages\/6913","targetHints":{"allow":["GET"]}}],"collection":[{"href":"https:\/\/zeeparken.be\/fr\/wp-json\/wp\/v2\/pages"}],"about":[{"href":"https:\/\/zeeparken.be\/fr\/wp-json\/wp\/v2\/types\/page"}],"author":[{"embeddable":true,"href":"https:\/\/zeeparken.be\/fr\/wp-json\/wp\/v2\/users\/1"}],"replies":[{"embeddable":true,"href":"https:\/\/zeeparken.be\/fr\/wp-json\/wp\/v2\/comments?post=6913"}],"version-history":[{"count":0,"href":"https:\/\/zeeparken.be\/fr\/wp-json\/wp\/v2\/pages\/6913\/revisions"}],"wp:attachment":[{"href":"https:\/\/zeeparken.be\/fr\/wp-json\/wp\/v2\/media?parent=6913"}],"curies":[{"name":"wp","href":"https:\/\/api.w.org\/{rel}","templated":true}]}}