{"id":7622,"date":"2025-04-28T20:47:10","date_gmt":"2025-04-28T20:47:10","guid":{"rendered":"https:\/\/zeeparken.be\/hausordnung\/"},"modified":"2025-04-30T22:53:59","modified_gmt":"2025-04-30T22:53:59","slug":"hausordnung","status":"publish","type":"page","link":"https:\/\/zeeparken.be\/de\/hausordnung\/","title":{"rendered":"Hausordnung"},"content":{"rendered":"\t\t<div data-elementor-type=\"wp-page\" data-elementor-id=\"7622\" class=\"elementor elementor-7622 elementor-7603\" data-elementor-post-type=\"page\">\n\t\t\t\t<div class=\"elementor-element elementor-element-9997c17 e-flex e-con-boxed e-con e-parent\" data-id=\"9997c17\" data-element_type=\"container\">\n\t\t\t\t\t<div class=\"e-con-inner\">\n\t\t\t\t<div class=\"elementor-element elementor-element-c69017e elementor-widget elementor-widget-text-editor\" data-id=\"c69017e\" data-element_type=\"widget\" data-widget_type=\"text-editor.default\">\n\t\t\t\t<div class=\"elementor-widget-container\">\n\t\t\t\t\t\t\t\t\t<h1>HAUSORDNUNG ZEEPARKEN<\/h1>\n<h3>ANKUNFT<\/h3>\nJeder Mieter hat sich bei der Ankunft an der Rezeption zu melden. Der Check-in erfolgt ab 15:00 Uhr. Falls Sie nach 17:00 Uhr ankommen, bitten wir Sie, das B\u00fcro dar\u00fcber in Kenntnis zu setzen. F\u00fcr den Check-out haben Sie bis 10:00 Uhr Zeit. Im Falle eines sp\u00e4ten Check-outs nach 12:00 Uhr wird eine zus\u00e4tzliche Nacht berechnet. Mieter, die au\u00dferhalb der B\u00fcrozeiten abreisen, deponieren die Schl\u00fcssel am vereinbarten Ort. Bitte informieren Sie uns \u00fcber etwaige Sch\u00e4den in Ihrer Ferienunterkunft. Sollten Sie eine Beschwerde haben, teilen Sie uns dies bitte innerhalb von 6 Stunden nach Ihrer Ankunft mit.      \n<h3>Z\u00c4HLERST\u00c4NDE<\/h3>\nAusschlie\u00dflich die verantwortliche Person des B\u00fcros ist befugt, die St\u00e4nde von Elektrizit\u00e4t und Wasser abzulesen. Der Verbrauch von Elektrizit\u00e4t, Gas und Wasser ist im Preis inbegriffen. \n<h3>PARKPLATZ<\/h3>\nAuf dem Gel\u00e4nde ist pro Haus lediglich ein Automobil gestattet. Jedes Haus verf\u00fcgt \u00fcber einen Parkplatz mit derselben Nummer wie die Wohneinheit. Andere Fahrzeuge m\u00fcssen auf dem daf\u00fcr vorgesehenen Besucherparkplatz abgestellt werden.\nEs ist strengstens untersagt, auf Parkpl\u00e4tzen zu parken, die einem anderen Haus zugeh\u00f6ren, auf den Grundst\u00fccken selbst, auf den Wegen oder in den Gr\u00fcnzonen. Im Falle eines Versto\u00dfes erfolgt zun\u00e4chst eine Verwarnung; falls erforderlich, wird das Fahrzeug jedoch immobilisiert oder abgeschleppt.   \n<h3>ABFALL<\/h3>\nErkundigen Sie sich stets an der Rezeption Ihres Parks. Der Abfall wird entweder von einer Privatfirma entsorgt, oder Sie m\u00fcssen die entsprechenden S\u00e4cke der Gemeinde verwenden. S\u00e4cke der Gemeinde sind an der Rezeption erh\u00e4ltlich. Sie m\u00fcssen gut verschlossen an den daf\u00fcr vorgesehenen Stellen deponiert werden.\nEs ist untersagt, Glas in den Plastiks\u00e4cken oder an den Abfallstellen zu deponieren. Glas muss in den Glascontainern und Papier in den Papiercontainern entsorgt werden.    \n<h3>VERKEHR<\/h3>\nIm Park ist f\u00fcr alle Fahrzeuge lediglich eine Geschwindigkeit von 10 km\/h zul\u00e4ssig. Die angebrachten Verkehrszeichen m\u00fcssen respektiert werden. \n<h3>L\u00c4RM<\/h3>\nL\u00e4rm muss vermieden werden, sei es durch Musikanlagen, lautes Hundegebell oder \u00c4hnliches.\nZweir\u00e4der mit Motorantrieb m\u00fcssen bei der Einfahrt in den Park nach 22:00 Uhr ihren Motor abstellen. F\u00fcr Automobile gilt, dass der Motor unmittelbar nach der Ankunft auf dem Parkplatz abgestellt werden muss.\nIm Allgemeinen ist L\u00e4rm nach 22:00 Uhr untersagt. Auch jene, die bereits in den fr\u00fchen Morgenstunden abreisen m\u00f6chten, bitten wir, dies mit R\u00fccksicht auf die ausschlafenden Nachbarn zu tun. Bitte vermeiden Sie es daher, mit den Autot\u00fcren zu werfen. Tags\u00fcber ist das Rasenm\u00e4hen gestattet.    \n<h3>HAUSTIERE<\/h3>\nHaustiere (max. 2) sind im Park erlaubt, m\u00fcssen jedoch an der Leine gef\u00fchrt werden. Haustiere sind am Schwimmbad, auf den Sportpl\u00e4tzen und auf dem Kinderspielplatz strengstens untersagt.\nDie Eigent\u00fcmer der Tiere sind in jedem Fall f\u00fcr eventuelle Sch\u00e4den oder Personensch\u00e4den an Dritten sowie f\u00fcr die Beseitigung des von ihrem Tier verursachten Schmutzes verantwortlich.\nAlle Haustiere m\u00fcssen an der Rezeption gemeldet werden. Auch die Entfernung von Hundeexkrementen im Park und im Garten ist obligatorisch.  \n<h3>SCH\u00c4DEN &#8211; VANDALISMUS<\/h3>\nSch\u00e4den m\u00fcssen schnellstm\u00f6glich der Rezeption gemeldet werden. Lediglich der Verwalter oder sein Stellvertreter ist berechtigt, den Schaden zu beurteilen.\nBei Feststellung von Vandalismus auf frischer Tat wird unverz\u00fcglich die Polizei hinzugezogen, um den Sachverhalt festzustellen.\nDie daraus resultierenden Kosten gehen zu Lasten des Verursachers. \n<h3>VERLORENE GEGENST\u00c4NDE<\/h3>\nDer Mieter hat daf\u00fcr Sorge zu tragen, dass er am Ende seiner Mietperiode keine pers\u00f6nlichen Gegenst\u00e4nde im Haus vergisst.\nDer Verwalter und der Eigent\u00fcmer sind nicht verantwortlich f\u00fcr verlorene oder vergessene Gegenst\u00e4nde oder versp\u00e4tet eingetroffene Postsendungen. Zur\u00fcckgelassene Gegenst\u00e4nde werden nicht zur\u00fcckgeschickt. Man kann sie jedoch hier abholen.  \n<h3>ZUGANG ZUM PARK MITTELS KARTE\/BADGE\/SCHL\u00dcSSEL<\/h3>\nBei Verlust oder Diebstahl der Eingangskarten f\u00fcr die Bedienung werden Ihnen 25 Euro in Rechnung gestellt.\nSollten hierf\u00fcr Interventionen au\u00dferhalb der B\u00fcrozeiten erforderlich sein, wird eine Barzahlung von 100 Euro f\u00e4llig. Dies gilt auch bei Verlust oder Diebstahl des Hausschl\u00fcssels. \n<h3>ENDREINIGUNG<\/h3>\nDer Mieter wird jedoch gebeten, die Wohnung in einem sauberen Zustand zu hinterlassen. Schmutziges Geschirr liegt in der Verantwortung des Mieters, ebenso wie die Entfernung aller Exkremente und Haare von mitgebrachten Haustieren (dies gilt auch f\u00fcr den Garten). \nDer Geschirrsp\u00fcler muss vor der Abreise geleert sein. Entfernen Sie die gemietete Bettw\u00e4sche (nicht den Matratzenschoner) und legen Sie diese auf den Boden in Ihrer Ferienunterkunft.\nAbfall geh\u00f6rt in die verschiedenen Abfallbeh\u00e4lter, schmutzige Bettw\u00e4sche darf in der Unterkunft zur\u00fcckgelassen werden (innen an der Eingangst\u00fcr).\nM\u00f6bel und Inventar m\u00fcssen wieder an ihren Platz gestellt werden. Falls Sie mit Haustieren anreisen, bitten wir Sie auch, die Unterkunft bereits zu staubsaugen.\nSollten Sie sich nicht an die oben genannten Punkte halten und die Unterkunft in einem unangemessenen Zustand hinterlassen, m\u00fcssen Sie einen Zuschlag f\u00fcr zus\u00e4tzliche Reinigung und verursachte Sch\u00e4den zahlen. Diese werden von der Kaution einbehalten.   \n<h3>KAUTION<\/h3>\nDie Kaution muss mindestens eine Woche vor der Ankunft auf unser Konto \u00fcberwiesen werden. Dies kann nicht vor Ort erfolgen.\nDie Kaution wird innerhalb von 14 Tagen nach der Abreise und nach \u00dcberpr\u00fcfung der Unterkunft zur\u00fcck\u00fcberwiesen. Im Falle eines (versuchten) Diebstahls wird sofort die gesamte Kaution einbehalten.  \n<h3>\u00c4NDERUNG DER BUCHUNG\/RESERVIERUNG UND STORNIERUNG<\/h3>\nEine kostenlose Stornierung ist bis zu zwei Monate vor der Ankunft m\u00f6glich. Zwischen 60 und 30 Tagen vor der Ankunft werden 50% des Mietpreises berechnet.\nAb 30 Tage vor der Ankunft wird der gesamte Mietbetrag f\u00e4llig. Bis zu zwei Monate vor der Ankunft kann man einmalig kostenlos umbuchen.\nExtras wie Bettw\u00e4sche k\u00f6nnen Sie bis zu einer Woche vor der Ankunft reservieren.\nHunde k\u00f6nnen nach der Buchung nur auf Anfrage zugelassen werden.  \n<h3>VERST\u00d6SSE<\/h3>\nDer Verwalter hat das Recht, Personen, die gegen die oben genannten Artikel versto\u00dfen, ohne jegliche Form von Entsch\u00e4digung des Gel\u00e4ndes zu verweisen.\t\t\t\t\t\t\t\t<\/div>\n\t\t\t\t<\/div>\n\t\t\t\t\t<\/div>\n\t\t\t\t<\/div>\n\t\t\t\t<\/div>\n\t\t","protected":false},"excerpt":{"rendered":"<p>HAUSORDNUNG ZEEPARKEN ANKUNFT Jeder Mieter hat sich bei der Ankunft an der Rezeption zu melden. Der Check-in erfolgt ab 15:00 Uhr. Falls Sie nach 17:00 Uhr ankommen, bitten wir Sie, das B\u00fcro dar\u00fcber in Kenntnis zu setzen. F\u00fcr den Check-out haben Sie bis 10:00 Uhr Zeit. Im Falle eines sp\u00e4ten Check-outs nach 12:00 Uhr wird [&hellip;]<\/p>\n","protected":false},"author":1,"featured_media":6861,"parent":0,"menu_order":0,"comment_status":"closed","ping_status":"closed","template":"","meta":{"_acf_changed":false,"footnotes":""},"class_list":["post-7622","page","type-page","status-publish","has-post-thumbnail","hentry"],"acf":[],"yoast_head":"<!-- This site is optimized with the Yoast SEO plugin v25.2 - https:\/\/yoast.com\/wordpress\/plugins\/seo\/ -->\n<title>Hausordnung \u2013 Zeeparken Bredene &amp; Wenduine<\/title>\n<meta name=\"description\" content=\"Lesen Sie die Hausordnung von Zeeparken Bredene &amp; Wenduine f\u00fcr einen angenehmen Aufenthalt. Praktische Infos zu Ankunft, Parken und Haustieren.\" \/>\n<meta name=\"robots\" content=\"index, follow, max-snippet:-1, max-image-preview:large, max-video-preview:-1\" \/>\n<link rel=\"canonical\" href=\"https:\/\/zeeparken.be\/de\/hausordnung\/\" \/>\n<meta property=\"og:locale\" content=\"de_DE\" \/>\n<meta property=\"og:type\" content=\"article\" \/>\n<meta property=\"og:title\" content=\"Hausordnung \u2013 Zeeparken Bredene &amp; Wenduine\" \/>\n<meta property=\"og:description\" content=\"Lesen Sie die Hausordnung von Zeeparken Bredene &amp; Wenduine f\u00fcr einen angenehmen Aufenthalt. Praktische Infos zu Ankunft, Parken und Haustieren.\" \/>\n<meta property=\"og:url\" content=\"https:\/\/zeeparken.be\/de\/hausordnung\/\" \/>\n<meta property=\"og:site_name\" content=\"Zeeparken\" \/>\n<meta property=\"article:publisher\" content=\"https:\/\/www.facebook.com\/ZeeparkenBelgischeKust\/\" \/>\n<meta property=\"article:modified_time\" content=\"2025-04-30T22:53:59+00:00\" \/>\n<meta property=\"og:image\" content=\"https:\/\/zeeparken.be\/wp-content\/uploads\/2025\/04\/Zeeparken_Mercator14.jpg\" \/>\n\t<meta property=\"og:image:width\" content=\"2248\" \/>\n\t<meta property=\"og:image:height\" content=\"1493\" \/>\n\t<meta property=\"og:image:type\" content=\"image\/jpeg\" \/>\n<meta name=\"twitter:card\" content=\"summary_large_image\" \/>\n<meta name=\"twitter:label1\" content=\"Gesch\u00e4tzte Lesezeit\" \/>\n\t<meta name=\"twitter:data1\" content=\"5\u00a0Minuten\" \/>\n<script type=\"application\/ld+json\" class=\"yoast-schema-graph\">{\"@context\":\"https:\/\/schema.org\",\"@graph\":[{\"@type\":\"WebPage\",\"@id\":\"https:\/\/zeeparken.be\/de\/hausordnung\/\",\"url\":\"https:\/\/zeeparken.be\/de\/hausordnung\/\",\"name\":\"Hausordnung \u2013 Zeeparken Bredene & Wenduine\",\"isPartOf\":{\"@id\":\"https:\/\/zeeparken.be\/de\/#website\"},\"primaryImageOfPage\":{\"@id\":\"https:\/\/zeeparken.be\/de\/hausordnung\/#primaryimage\"},\"image\":{\"@id\":\"https:\/\/zeeparken.be\/de\/hausordnung\/#primaryimage\"},\"thumbnailUrl\":\"https:\/\/zeeparken.be\/wp-content\/uploads\/2025\/04\/Zeeparken_Mercator14.jpg\",\"datePublished\":\"2025-04-28T20:47:10+00:00\",\"dateModified\":\"2025-04-30T22:53:59+00:00\",\"description\":\"Lesen Sie die Hausordnung von Zeeparken Bredene & Wenduine f\u00fcr einen angenehmen Aufenthalt. Praktische Infos zu Ankunft, Parken und Haustieren.\",\"breadcrumb\":{\"@id\":\"https:\/\/zeeparken.be\/de\/hausordnung\/#breadcrumb\"},\"inLanguage\":\"de\",\"potentialAction\":[{\"@type\":\"ReadAction\",\"target\":[\"https:\/\/zeeparken.be\/de\/hausordnung\/\"]}]},{\"@type\":\"ImageObject\",\"inLanguage\":\"de\",\"@id\":\"https:\/\/zeeparken.be\/de\/hausordnung\/#primaryimage\",\"url\":\"https:\/\/zeeparken.be\/wp-content\/uploads\/2025\/04\/Zeeparken_Mercator14.jpg\",\"contentUrl\":\"https:\/\/zeeparken.be\/wp-content\/uploads\/2025\/04\/Zeeparken_Mercator14.jpg\",\"width\":2248,\"height\":1493},{\"@type\":\"BreadcrumbList\",\"@id\":\"https:\/\/zeeparken.be\/de\/hausordnung\/#breadcrumb\",\"itemListElement\":[{\"@type\":\"ListItem\",\"position\":1,\"name\":\"Home\",\"item\":\"https:\/\/zeeparken.be\/de\/startseite\/\"},{\"@type\":\"ListItem\",\"position\":2,\"name\":\"Hausordnung\"}]},{\"@type\":\"WebSite\",\"@id\":\"https:\/\/zeeparken.be\/de\/#website\",\"url\":\"https:\/\/zeeparken.be\/de\/\",\"name\":\"Zeeparken\",\"description\":\"Vakantieverhuur, Beleef de kust, beleef het comfort.\",\"publisher\":{\"@id\":\"https:\/\/zeeparken.be\/de\/#organization\"},\"potentialAction\":[{\"@type\":\"SearchAction\",\"target\":{\"@type\":\"EntryPoint\",\"urlTemplate\":\"https:\/\/zeeparken.be\/de\/?s={search_term_string}\"},\"query-input\":{\"@type\":\"PropertyValueSpecification\",\"valueRequired\":true,\"valueName\":\"search_term_string\"}}],\"inLanguage\":\"de\"},{\"@type\":\"Organization\",\"@id\":\"https:\/\/zeeparken.be\/de\/#organization\",\"name\":\"Zeeparken\",\"url\":\"https:\/\/zeeparken.be\/de\/\",\"logo\":{\"@type\":\"ImageObject\",\"inLanguage\":\"de\",\"@id\":\"https:\/\/zeeparken.be\/de\/#\/schema\/logo\/image\/\",\"url\":\"https:\/\/zeeparken.be\/wp-content\/uploads\/2024\/12\/Laag_1.svg\",\"contentUrl\":\"https:\/\/zeeparken.be\/wp-content\/uploads\/2024\/12\/Laag_1.svg\",\"width\":166,\"height\":34,\"caption\":\"Zeeparken\"},\"image\":{\"@id\":\"https:\/\/zeeparken.be\/de\/#\/schema\/logo\/image\/\"},\"sameAs\":[\"https:\/\/www.facebook.com\/ZeeparkenBelgischeKust\/\",\"https:\/\/www.instagram.com\/zeeparken_bredene_wenduine\/\"]}]}<\/script>\n<!-- \/ Yoast SEO plugin. -->","yoast_head_json":{"title":"Hausordnung \u2013 Zeeparken Bredene & Wenduine","description":"Lesen Sie die Hausordnung von Zeeparken Bredene & Wenduine f\u00fcr einen angenehmen Aufenthalt. Praktische Infos zu Ankunft, Parken und Haustieren.","robots":{"index":"index","follow":"follow","max-snippet":"max-snippet:-1","max-image-preview":"max-image-preview:large","max-video-preview":"max-video-preview:-1"},"canonical":"https:\/\/zeeparken.be\/de\/hausordnung\/","og_locale":"de_DE","og_type":"article","og_title":"Hausordnung \u2013 Zeeparken Bredene & Wenduine","og_description":"Lesen Sie die Hausordnung von Zeeparken Bredene & Wenduine f\u00fcr einen angenehmen Aufenthalt. Praktische Infos zu Ankunft, Parken und Haustieren.","og_url":"https:\/\/zeeparken.be\/de\/hausordnung\/","og_site_name":"Zeeparken","article_publisher":"https:\/\/www.facebook.com\/ZeeparkenBelgischeKust\/","article_modified_time":"2025-04-30T22:53:59+00:00","og_image":[{"width":2248,"height":1493,"url":"https:\/\/zeeparken.be\/wp-content\/uploads\/2025\/04\/Zeeparken_Mercator14.jpg","type":"image\/jpeg"}],"twitter_card":"summary_large_image","twitter_misc":{"Gesch\u00e4tzte Lesezeit":"5\u00a0Minuten"},"schema":{"@context":"https:\/\/schema.org","@graph":[{"@type":"WebPage","@id":"https:\/\/zeeparken.be\/de\/hausordnung\/","url":"https:\/\/zeeparken.be\/de\/hausordnung\/","name":"Hausordnung \u2013 Zeeparken Bredene & Wenduine","isPartOf":{"@id":"https:\/\/zeeparken.be\/de\/#website"},"primaryImageOfPage":{"@id":"https:\/\/zeeparken.be\/de\/hausordnung\/#primaryimage"},"image":{"@id":"https:\/\/zeeparken.be\/de\/hausordnung\/#primaryimage"},"thumbnailUrl":"https:\/\/zeeparken.be\/wp-content\/uploads\/2025\/04\/Zeeparken_Mercator14.jpg","datePublished":"2025-04-28T20:47:10+00:00","dateModified":"2025-04-30T22:53:59+00:00","description":"Lesen Sie die Hausordnung von Zeeparken Bredene & Wenduine f\u00fcr einen angenehmen Aufenthalt. Praktische Infos zu Ankunft, Parken und Haustieren.","breadcrumb":{"@id":"https:\/\/zeeparken.be\/de\/hausordnung\/#breadcrumb"},"inLanguage":"de","potentialAction":[{"@type":"ReadAction","target":["https:\/\/zeeparken.be\/de\/hausordnung\/"]}]},{"@type":"ImageObject","inLanguage":"de","@id":"https:\/\/zeeparken.be\/de\/hausordnung\/#primaryimage","url":"https:\/\/zeeparken.be\/wp-content\/uploads\/2025\/04\/Zeeparken_Mercator14.jpg","contentUrl":"https:\/\/zeeparken.be\/wp-content\/uploads\/2025\/04\/Zeeparken_Mercator14.jpg","width":2248,"height":1493},{"@type":"BreadcrumbList","@id":"https:\/\/zeeparken.be\/de\/hausordnung\/#breadcrumb","itemListElement":[{"@type":"ListItem","position":1,"name":"Home","item":"https:\/\/zeeparken.be\/de\/startseite\/"},{"@type":"ListItem","position":2,"name":"Hausordnung"}]},{"@type":"WebSite","@id":"https:\/\/zeeparken.be\/de\/#website","url":"https:\/\/zeeparken.be\/de\/","name":"Zeeparken","description":"Vakantieverhuur, Beleef de kust, beleef het comfort.","publisher":{"@id":"https:\/\/zeeparken.be\/de\/#organization"},"potentialAction":[{"@type":"SearchAction","target":{"@type":"EntryPoint","urlTemplate":"https:\/\/zeeparken.be\/de\/?s={search_term_string}"},"query-input":{"@type":"PropertyValueSpecification","valueRequired":true,"valueName":"search_term_string"}}],"inLanguage":"de"},{"@type":"Organization","@id":"https:\/\/zeeparken.be\/de\/#organization","name":"Zeeparken","url":"https:\/\/zeeparken.be\/de\/","logo":{"@type":"ImageObject","inLanguage":"de","@id":"https:\/\/zeeparken.be\/de\/#\/schema\/logo\/image\/","url":"https:\/\/zeeparken.be\/wp-content\/uploads\/2024\/12\/Laag_1.svg","contentUrl":"https:\/\/zeeparken.be\/wp-content\/uploads\/2024\/12\/Laag_1.svg","width":166,"height":34,"caption":"Zeeparken"},"image":{"@id":"https:\/\/zeeparken.be\/de\/#\/schema\/logo\/image\/"},"sameAs":["https:\/\/www.facebook.com\/ZeeparkenBelgischeKust\/","https:\/\/www.instagram.com\/zeeparken_bredene_wenduine\/"]}]}},"_links":{"self":[{"href":"https:\/\/zeeparken.be\/de\/wp-json\/wp\/v2\/pages\/7622","targetHints":{"allow":["GET"]}}],"collection":[{"href":"https:\/\/zeeparken.be\/de\/wp-json\/wp\/v2\/pages"}],"about":[{"href":"https:\/\/zeeparken.be\/de\/wp-json\/wp\/v2\/types\/page"}],"author":[{"embeddable":true,"href":"https:\/\/zeeparken.be\/de\/wp-json\/wp\/v2\/users\/1"}],"replies":[{"embeddable":true,"href":"https:\/\/zeeparken.be\/de\/wp-json\/wp\/v2\/comments?post=7622"}],"version-history":[{"count":0,"href":"https:\/\/zeeparken.be\/de\/wp-json\/wp\/v2\/pages\/7622\/revisions"}],"wp:featuredmedia":[{"embeddable":true,"href":"https:\/\/zeeparken.be\/de\/wp-json\/wp\/v2\/media\/6861"}],"wp:attachment":[{"href":"https:\/\/zeeparken.be\/de\/wp-json\/wp\/v2\/media?parent=7622"}],"curies":[{"name":"wp","href":"https:\/\/api.w.org\/{rel}","templated":true}]}}